{"id":2553,"date":"2014-12-22T13:14:57","date_gmt":"2014-12-22T13:14:57","guid":{"rendered":"https:\/\/www.laitnaa.fr\/?page_id=2553"},"modified":"2014-12-23T09:40:19","modified_gmt":"2014-12-23T09:40:19","slug":"actualites","status":"publish","type":"page","link":"https:\/\/www.laitnaa.fr\/?page_id=2553","title":{"rendered":"Actualit\u00e9s"},"content":{"rendered":"<p>Retrouver toute l&rsquo;actualit\u00e9 de la Coop\u00e9rative<\/p>\n","protected":false},"excerpt":{"rendered":"<p>Retrouver toute l&rsquo;actualit\u00e9 de la Coop\u00e9rative<\/p>\n","protected":false},"author":11,"featured_media":0,"parent":2451,"menu_order":0,"comment_status":"closed","ping_status":"open","template":"blog-page.php","meta":{"footnotes":""},"class_list":["post-2553","page","type-page","status-publish","hentry"],"_links":{"self":[{"href":"https:\/\/www.laitnaa.fr\/index.php?rest_route=\/wp\/v2\/pages\/2553","targetHints":{"allow":["GET"]}}],"collection":[{"href":"https:\/\/www.laitnaa.fr\/index.php?rest_route=\/wp\/v2\/pages"}],"about":[{"href":"https:\/\/www.laitnaa.fr\/index.php?rest_route=\/wp\/v2\/types\/page"}],"author":[{"embeddable":true,"href":"https:\/\/www.laitnaa.fr\/index.php?rest_route=\/wp\/v2\/users\/11"}],"replies":[{"embeddable":true,"href":"https:\/\/www.laitnaa.fr\/index.php?rest_route=%2Fwp%2Fv2%2Fcomments&post=2553"}],"version-history":[{"count":2,"href":"https:\/\/www.laitnaa.fr\/index.php?rest_route=\/wp\/v2\/pages\/2553\/revisions"}],"predecessor-version":[{"id":2569,"href":"https:\/\/www.laitnaa.fr\/index.php?rest_route=\/wp\/v2\/pages\/2553\/revisions\/2569"}],"up":[{"embeddable":true,"href":"https:\/\/www.laitnaa.fr\/index.php?rest_route=\/wp\/v2\/pages\/2451"}],"wp:attachment":[{"href":"https:\/\/www.laitnaa.fr\/index.php?rest_route=%2Fwp%2Fv2%2Fmedia&parent=2553"}],"curies":[{"name":"wp","href":"https:\/\/api.w.org\/{rel}","templated":true}]}}