{"id":2465,"date":"2014-12-23T10:13:23","date_gmt":"2014-12-23T10:13:23","guid":{"rendered":"https:\/\/www.laitnaa.fr\/?page_id=2465"},"modified":"2024-10-24T06:53:49","modified_gmt":"2024-10-24T06:53:49","slug":"historique","status":"publish","type":"page","link":"https:\/\/www.laitnaa.fr\/?page_id=2465","title":{"rendered":"Historique"},"content":{"rendered":"<p><a href=\"https:\/\/www.laitnaa.fr\/wp-content\/uploads\/2022\/05\/historique.png\"><img loading=\"lazy\" decoding=\"async\" class=\"alignleft wp-image-4912 \" src=\"https:\/\/www.laitnaa.fr\/wp-content\/uploads\/2022\/05\/historique-300x128.png\" alt=\"\" width=\"373\" height=\"159\" srcset=\"https:\/\/www.laitnaa.fr\/wp-content\/uploads\/2022\/05\/historique-300x128.png 300w, https:\/\/www.laitnaa.fr\/wp-content\/uploads\/2022\/05\/historique-1024x437.png 1024w, https:\/\/www.laitnaa.fr\/wp-content\/uploads\/2022\/05\/historique-768x328.png 768w, https:\/\/www.laitnaa.fr\/wp-content\/uploads\/2022\/05\/historique-1536x655.png 1536w, https:\/\/www.laitnaa.fr\/wp-content\/uploads\/2022\/05\/historique-2048x874.png 2048w\" sizes=\"auto, (max-width: 373px) 100vw, 373px\" \/><\/a><\/p>\n<p>En 2006, face \u00e0 la perspective annonc\u00e9e par Nestl\u00e9 Bou\u00e9 de se retirer de la collecte laiti\u00e8re, afin de poursuivre sa r\u00e9orientation industrielle (\u00e0 savoir une sp\u00e9cialisation compl\u00e8te dans la poudre de lait di\u00e9t\u00e9tique infantile), les responsables des syndicats et groupements de producteurs de lait de cette grande zone de collecte sp\u00e9cialis\u00e9e ont d\u00e9cid\u00e9 de s\u2019organiser en Coop\u00e9rative, pour g\u00e9rer le froid \u00e0 la ferme.<\/p>\n<p>La soci\u00e9t\u00e9 Nestl\u00e9 France Bou\u00e9 ayant d\u00e9cid\u00e9 dans un premier temps de se d\u00e9sengager de la gestion du froid \u00e0 la ferme, en abandonnant son parc de refroidisseurs.<\/p>\n<p>La cr\u00e9ation de la coop\u00e9rative a permis de mettre en place progressivement trois objets sociaux. Tout d\u2019abord cr\u00e9ation de l\u2019activit\u00e9 service puis l\u2019activit\u00e9 collecte vente et enfin l\u2019activit\u00e9 Agrofourniture.<\/p>\n","protected":false},"excerpt":{"rendered":"<p>En 2006, face \u00e0 la perspective annonc\u00e9e par Nestl\u00e9 Bou\u00e9 de se retirer de la collecte laiti\u00e8re, afin de poursuivre sa r\u00e9orientation industrielle (\u00e0 savoir une sp\u00e9cialisation compl\u00e8te dans la poudre de lait di\u00e9t\u00e9tique infantile), les responsables des syndicats et &hellip; <a href=\"https:\/\/www.laitnaa.fr\/?page_id=2465\">Continuer la lecture <span class=\"meta-nav\">&rarr;<\/span><\/a><\/p>\n","protected":false},"author":11,"featured_media":0,"parent":2,"menu_order":0,"comment_status":"closed","ping_status":"open","template":"","meta":{"footnotes":""},"class_list":["post-2465","page","type-page","status-publish","hentry"],"_links":{"self":[{"href":"https:\/\/www.laitnaa.fr\/index.php?rest_route=\/wp\/v2\/pages\/2465","targetHints":{"allow":["GET"]}}],"collection":[{"href":"https:\/\/www.laitnaa.fr\/index.php?rest_route=\/wp\/v2\/pages"}],"about":[{"href":"https:\/\/www.laitnaa.fr\/index.php?rest_route=\/wp\/v2\/types\/page"}],"author":[{"embeddable":true,"href":"https:\/\/www.laitnaa.fr\/index.php?rest_route=\/wp\/v2\/users\/11"}],"replies":[{"embeddable":true,"href":"https:\/\/www.laitnaa.fr\/index.php?rest_route=%2Fwp%2Fv2%2Fcomments&post=2465"}],"version-history":[{"count":13,"href":"https:\/\/www.laitnaa.fr\/index.php?rest_route=\/wp\/v2\/pages\/2465\/revisions"}],"predecessor-version":[{"id":5598,"href":"https:\/\/www.laitnaa.fr\/index.php?rest_route=\/wp\/v2\/pages\/2465\/revisions\/5598"}],"up":[{"embeddable":true,"href":"https:\/\/www.laitnaa.fr\/index.php?rest_route=\/wp\/v2\/pages\/2"}],"wp:attachment":[{"href":"https:\/\/www.laitnaa.fr\/index.php?rest_route=%2Fwp%2Fv2%2Fmedia&parent=2465"}],"curies":[{"name":"wp","href":"https:\/\/api.w.org\/{rel}","templated":true}]}}