{"id":2433,"date":"2014-12-23T09:46:45","date_gmt":"2014-12-23T09:46:45","guid":{"rendered":"https:\/\/www.laitnaa.fr\/?page_id=2433"},"modified":"2023-04-20T15:23:48","modified_gmt":"2023-04-20T15:23:48","slug":"presentation","status":"publish","type":"page","link":"https:\/\/www.laitnaa.fr\/?page_id=2433","title":{"rendered":"Pr\u00e9sentation"},"content":{"rendered":"<p><a href=\"https:\/\/www.laitnaa.fr\/wp-content\/uploads\/2014\/12\/zn-de-coll-au-31-12-15.png\">&nbsp;<\/a><\/p>\n<p style=\"text-align: center;\"><a href=\"https:\/\/www.laitnaa.fr\/wp-content\/uploads\/2021\/07\/zone-laitnaa-au-25-09-2021.png\"><img loading=\"lazy\" decoding=\"async\" class=\"alignleft wp-image-4676 size-medium\" src=\"https:\/\/www.laitnaa.fr\/wp-content\/uploads\/2021\/07\/zone-laitnaa-au-25-09-2021-300x292.png\" alt=\"\" width=\"300\" height=\"292\" srcset=\"https:\/\/www.laitnaa.fr\/wp-content\/uploads\/2021\/07\/zone-laitnaa-au-25-09-2021-300x292.png 300w, https:\/\/www.laitnaa.fr\/wp-content\/uploads\/2021\/07\/zone-laitnaa-au-25-09-2021-1024x996.png 1024w, https:\/\/www.laitnaa.fr\/wp-content\/uploads\/2021\/07\/zone-laitnaa-au-25-09-2021-768x747.png 768w, https:\/\/www.laitnaa.fr\/wp-content\/uploads\/2021\/07\/zone-laitnaa-au-25-09-2021.png 1193w\" sizes=\"auto, (max-width: 300px) 100vw, 300px\" \/><\/a>&nbsp;&nbsp;&nbsp;&nbsp; La Zone de collecte de LAITNAA&nbsp;&nbsp;(Soci\u00e9t\u00e9 Coop\u00e9rative Agricole Lait Nord Aisne Ardennes) est r\u00e9partie sur<\/p>\n<p style=\"text-align: center;\">les d\u00e9partements du Nord, de l&rsquo;Aisne, des Ardennes , de la Meuse et&nbsp;de l&rsquo;Oise.<\/p>\n<p style=\"text-align: center;\">La collecte repr\u00e9sente ~&nbsp;230 000 000 de Litres de lait par an.<\/p>\n<p style=\"text-align: center;\">&nbsp;La coop\u00e9rative fait appel \u00e0 quatre prestataires ext\u00e9rieurs pour le ramassage du lait ( Israel, Stevance, Transports Plantin<\/p>\n<p style=\"text-align: center;\">et TTA ). Un autre prestataire (Energie Lait) intervient pour la&nbsp; maintenance du parc de&nbsp; froid \u00e0 la ferme<span style=\"color: #000000; font-family: Calibri;\">. <\/span><\/p>\n<p style=\"text-align: center;\"><a href=\"https:\/\/www.laitnaa.fr\/wp-content\/uploads\/2019\/07\/principaux-acheteurs-2019-1-e1564130176146.jpg\"><img loading=\"lazy\" decoding=\"async\" class=\"wp-image-4122 size-medium alignright\" src=\"https:\/\/www.laitnaa.fr\/wp-content\/uploads\/2019\/07\/principaux-acheteurs-2019-1-e1564130176146-300x132.jpg\" alt=\"\" width=\"300\" height=\"132\" srcset=\"https:\/\/www.laitnaa.fr\/wp-content\/uploads\/2019\/07\/principaux-acheteurs-2019-1-e1564130176146-300x132.jpg 300w, https:\/\/www.laitnaa.fr\/wp-content\/uploads\/2019\/07\/principaux-acheteurs-2019-1-e1564130176146-768x337.jpg 768w, https:\/\/www.laitnaa.fr\/wp-content\/uploads\/2019\/07\/principaux-acheteurs-2019-1-e1564130176146-1024x449.jpg 1024w, https:\/\/www.laitnaa.fr\/wp-content\/uploads\/2019\/07\/principaux-acheteurs-2019-1-e1564130176146.jpg 1641w\" sizes=\"auto, (max-width: 300px) 100vw, 300px\" \/><\/a><a href=\"https:\/\/www.laitnaa.fr\/wp-content\/uploads\/2018\/09\/clients-09-18.jpg\"><br>\n<\/a>Les d\u00e9bouch\u00e9s de la coop\u00e9rative sont diversifi\u00e9s afin d\u2019assurer<\/p>\n<p style=\"text-align: center;\">&nbsp;&nbsp;&nbsp;&nbsp;&nbsp;&nbsp;&nbsp;&nbsp;&nbsp;&nbsp;&nbsp;&nbsp;&nbsp;&nbsp;&nbsp; &nbsp;&nbsp; la s\u00e9curit\u00e9 \u00e9conomique des producteurs et de la coop\u00e9rative.<\/p>\n\n\n<figure class=\"wp-block-video\"><\/figure>\n","protected":false},"excerpt":{"rendered":"<p>&nbsp; &nbsp;&nbsp;&nbsp;&nbsp; La Zone de collecte de LAITNAA&nbsp;&nbsp;(Soci\u00e9t\u00e9 Coop\u00e9rative Agricole Lait Nord Aisne Ardennes) est r\u00e9partie sur les d\u00e9partements du Nord, de l&rsquo;Aisne, des Ardennes , de la Meuse et&nbsp;de l&rsquo;Oise. La collecte repr\u00e9sente ~&nbsp;230 000 000 de Litres de &hellip; <a href=\"https:\/\/www.laitnaa.fr\/?page_id=2433\">Continuer la lecture <span class=\"meta-nav\">&rarr;<\/span><\/a><\/p>\n","protected":false},"author":11,"featured_media":0,"parent":2451,"menu_order":0,"comment_status":"closed","ping_status":"open","template":"","meta":{"footnotes":""},"class_list":["post-2433","page","type-page","status-publish","hentry"],"_links":{"self":[{"href":"https:\/\/www.laitnaa.fr\/index.php?rest_route=\/wp\/v2\/pages\/2433","targetHints":{"allow":["GET"]}}],"collection":[{"href":"https:\/\/www.laitnaa.fr\/index.php?rest_route=\/wp\/v2\/pages"}],"about":[{"href":"https:\/\/www.laitnaa.fr\/index.php?rest_route=\/wp\/v2\/types\/page"}],"author":[{"embeddable":true,"href":"https:\/\/www.laitnaa.fr\/index.php?rest_route=\/wp\/v2\/users\/11"}],"replies":[{"embeddable":true,"href":"https:\/\/www.laitnaa.fr\/index.php?rest_route=%2Fwp%2Fv2%2Fcomments&post=2433"}],"version-history":[{"count":37,"href":"https:\/\/www.laitnaa.fr\/index.php?rest_route=\/wp\/v2\/pages\/2433\/revisions"}],"predecessor-version":[{"id":5162,"href":"https:\/\/www.laitnaa.fr\/index.php?rest_route=\/wp\/v2\/pages\/2433\/revisions\/5162"}],"up":[{"embeddable":true,"href":"https:\/\/www.laitnaa.fr\/index.php?rest_route=\/wp\/v2\/pages\/2451"}],"wp:attachment":[{"href":"https:\/\/www.laitnaa.fr\/index.php?rest_route=%2Fwp%2Fv2%2Fmedia&parent=2433"}],"curies":[{"name":"wp","href":"https:\/\/api.w.org\/{rel}","templated":true}]}}