{"id":2,"date":"2011-02-22T21:30:33","date_gmt":"2011-02-22T21:30:33","guid":{"rendered":"https:\/\/www.laitnaa.fr\/?page_id=2"},"modified":"2026-04-27T10:19:04","modified_gmt":"2026-04-27T10:19:04","slug":"fiche-signaletique","status":"publish","type":"page","link":"https:\/\/www.laitnaa.fr\/?page_id=2","title":{"rendered":"Fiche signal\u00e9tique"},"content":{"rendered":"<p><strong><span style=\"color: #000080;\">D\u00e9nomination sociale<\/span> : <\/strong>SOCIETE COOP\u00c9RATIVE AGRICOLE LAITI\u00c8RE NORD AISNE ARDENNES<\/p>\n<p><strong><span style=\"color: #000080;\">Donn\u00e9es :<\/span>\u00a0<\/strong><br \/><strong>Sigle :<\/strong> LAITNAA<br \/><strong>Forme : <\/strong>SOCIETE COOP\u00c9RATIVE AGRICOLE A CAPITAL VARIABLE<br \/>Au capital de : 2 693 629,00 \u20ac<\/p>\n<p><strong>N\u00b0 d\u2019agr\u00e9ment : 11 345<\/strong><\/p>\n<p><strong>N\u00b0 d\u2019agr\u00e9ment Acheteur de lait : <\/strong>540 \/ 9 en date du 14\/02\/2008<br \/><strong>N\u00b0 SIRET : <\/strong>491 141 875 00022 RCS de\u00a0Saint Quentin\u00a0(02)<br \/><strong>N\u00b0 TVA intracommunautaire : <\/strong>FR 02491141875<br \/><strong>Code APE-NAF : <\/strong>4633 Z (information fournie par l\u2019INSEE)<\/p>\n<p><strong>D\u00e9but d\u2019activit\u00e9 :<\/strong> 12 juin 2006<\/p>\n<p><strong><span style=\"color: #000080;\">Adresse de correspondance :<\/span> <\/strong><br \/>Services g\u00e9n\u00e9raux :<br \/>P\u00f4le Agricole &#8211; ZAE des Andiers &#8211; Route d&rsquo;Hirson<br \/>02260 LA CAPELLE EN THIERACHE<br \/>T\u00e9l. : 03 23 58 35 34<br \/>Fax. : 03 23 58 57 79<br \/>E-mail : <a href=\"mailto:laitnaa@laitnaa.fr\">laitnaa@laitnaa.fr<\/a><\/p>\n<div align=\"center\">\u00a0<\/div>\n\n\n<h2 class=\"wp-block-heading\">Conseil d&rsquo;Administration &amp; Bureau au 24 Avril 2026 :<\/h2>\n\n\n\n<figure class=\"wp-block-gallery has-nested-images columns-default is-cropped wp-block-gallery-1 is-layout-flex wp-block-gallery-is-layout-flex\">\n<figure class=\"wp-block-image size-large is-style-default\"><a href=\"https:\/\/www.laitnaa.fr\/wp-content\/uploads\/2026\/04\/CAetBURAU240426-1.png\"><img loading=\"lazy\" decoding=\"async\" width=\"1024\" height=\"803\" data-id=\"5994\" src=\"https:\/\/www.laitnaa.fr\/wp-content\/uploads\/2026\/04\/CAetBURAU240426-1-1024x803.png\" alt=\"\" class=\"wp-image-5994\" srcset=\"https:\/\/www.laitnaa.fr\/wp-content\/uploads\/2026\/04\/CAetBURAU240426-1-1024x803.png 1024w, https:\/\/www.laitnaa.fr\/wp-content\/uploads\/2026\/04\/CAetBURAU240426-1-300x235.png 300w, https:\/\/www.laitnaa.fr\/wp-content\/uploads\/2026\/04\/CAetBURAU240426-1-768x603.png 768w, https:\/\/www.laitnaa.fr\/wp-content\/uploads\/2026\/04\/CAetBURAU240426-1.png 1295w\" sizes=\"auto, (max-width: 1024px) 100vw, 1024px\" \/><\/a><\/figure>\n<\/figure>\n","protected":false},"excerpt":{"rendered":"<p>D\u00e9nomination sociale : SOCIETE COOP\u00c9RATIVE AGRICOLE LAITI\u00c8RE NORD AISNE ARDENNES Donn\u00e9es :\u00a0Sigle : LAITNAAForme : SOCIETE COOP\u00c9RATIVE AGRICOLE A CAPITAL VARIABLEAu capital de : 2 693 629,00 \u20ac N\u00b0 d\u2019agr\u00e9ment : 11 345 N\u00b0 d\u2019agr\u00e9ment Acheteur de lait : 540 &hellip; <a href=\"https:\/\/www.laitnaa.fr\/?page_id=2\">Continuer la lecture <span class=\"meta-nav\">&rarr;<\/span><\/a><\/p>\n","protected":false},"author":11,"featured_media":0,"parent":0,"menu_order":10,"comment_status":"closed","ping_status":"closed","template":"","meta":{"footnotes":""},"class_list":["post-2","page","type-page","status-publish","hentry"],"_links":{"self":[{"href":"https:\/\/www.laitnaa.fr\/index.php?rest_route=\/wp\/v2\/pages\/2","targetHints":{"allow":["GET"]}}],"collection":[{"href":"https:\/\/www.laitnaa.fr\/index.php?rest_route=\/wp\/v2\/pages"}],"about":[{"href":"https:\/\/www.laitnaa.fr\/index.php?rest_route=\/wp\/v2\/types\/page"}],"author":[{"embeddable":true,"href":"https:\/\/www.laitnaa.fr\/index.php?rest_route=\/wp\/v2\/users\/11"}],"replies":[{"embeddable":true,"href":"https:\/\/www.laitnaa.fr\/index.php?rest_route=%2Fwp%2Fv2%2Fcomments&post=2"}],"version-history":[{"count":105,"href":"https:\/\/www.laitnaa.fr\/index.php?rest_route=\/wp\/v2\/pages\/2\/revisions"}],"predecessor-version":[{"id":6001,"href":"https:\/\/www.laitnaa.fr\/index.php?rest_route=\/wp\/v2\/pages\/2\/revisions\/6001"}],"wp:attachment":[{"href":"https:\/\/www.laitnaa.fr\/index.php?rest_route=%2Fwp%2Fv2%2Fmedia&parent=2"}],"curies":[{"name":"wp","href":"https:\/\/api.w.org\/{rel}","templated":true}]}}